{"id":9288,"date":"2025-02-16T10:29:07","date_gmt":"2025-02-16T10:29:07","guid":{"rendered":"https:\/\/www.zucchelliforni.it\/Products\/cella-static-lu-200\/"},"modified":"2025-05-02T12:35:57","modified_gmt":"2025-05-02T12:35:57","slug":"cella-static-lu-200","status":"publish","type":"product","link":"https:\/\/www.zucchelliforni.it\/fr\/Products\/cella-static-lu-200\/","title":{"rendered":"\u00c9tuve Static LO. 200"},"content":{"rendered":"\t\t<div data-elementor-type=\"product-post\" data-elementor-id=\"9288\" class=\"elementor elementor-9288 elementor-1906\" data-elementor-post-type=\"product\">\n\t\t\t\t<div class=\"elementor-element elementor-element-61200c38 e-flex e-con-boxed e-con e-parent\" data-id=\"61200c38\" data-element_type=\"container\">\n\t\t\t\t\t<div class=\"e-con-inner\">\n\t\t<div class=\"elementor-element elementor-element-da54638 e-con-full e-flex e-con e-child\" data-id=\"da54638\" data-element_type=\"container\">\n\t\t\t\t<div class=\"elementor-element elementor-element-556cef91 elementor-widget elementor-widget-text-editor\" data-id=\"556cef91\" data-element_type=\"widget\" data-widget_type=\"text-editor.default\">\n\t\t\t\t<div class=\"elementor-widget-container\">\n\t\t\t\t\t\t\t\t\t<ul><li>aliment\u00e9e \u00e9lectriquement<\/li><li>pour tous les fours statiques avec \u00e9tages profonds 200 cm<\/li><\/ul><p><strong>L&rsquo;\u00e9tuve est livr\u00e9e compl\u00e8te de :<\/strong><\/p><ul><li>fa\u00e7ade et porte en acier inoxydable<\/li><li>unit\u00e9 de ventilation pour l&rsquo;\u00e9coulement de l&rsquo;air chaud et humide \u00e0 l&rsquo;int\u00e9rieur de l&rsquo;\u00e9tuve<\/li><li>syst\u00e8mes de chauffage et d&rsquo;humidification automatiques<\/li><li>Base en acier inoxydable 20\/10<\/li><li>rev\u00eatement ext\u00e9rieur en polystyr\u00e8ne expans\u00e9 auto-extinguible recouvert de deux feuilles de t\u00f4le pr\u00e9peintes<\/li><\/ul>\t\t\t\t\t\t\t\t<\/div>\n\t\t\t\t<\/div>\n\t\t\t\t<\/div>\n\t\t\t\t\t<\/div>\n\t\t\t\t<\/div>\n\t\t\t\t<\/div>\n\t\t","protected":false},"excerpt":{"rendered":"<p>aliment\u00e9e \u00e9lectriquement pour tous les fours statiques avec \u00e9tages profonds 200 cm L&rsquo;\u00e9tuve est livr\u00e9e compl\u00e8te de : fa\u00e7ade et porte en acier inoxydable unit\u00e9 de ventilation pour l&rsquo;\u00e9coulement de l&rsquo;air chaud et humide \u00e0 l&rsquo;int\u00e9rieur de l&rsquo;\u00e9tuve syst\u00e8mes de chauffage et d&rsquo;humidification automatiques Base en acier inoxydable 20\/10 rev\u00eatement ext\u00e9rieur en polystyr\u00e8ne expans\u00e9 auto-extinguible&#8230;<\/p>\n","protected":false},"featured_media":9259,"comment_status":"closed","ping_status":"closed","template":"","meta":{"_bst_post_transparent":"default","_bst_post_title":"","_bst_post_layout":"default","_bst_post_sidebar_id":"","_bst_post_content_style":"default","_bst_post_vertical_padding":"default","_bst_post_feature":"","_bst_post_feature_position":"","_bst_post_header":false,"_bst_post_footer":false},"product_brand":[],"product_cat":[388,392],"product_tag":[],"product_brands":[],"class_list":{"0":"post-9288","1":"product","2":"type-product","3":"status-publish","4":"has-post-thumbnail","6":"product_cat-celle-fr","7":"product_cat-cella-static-fr","9":"first","10":"instock","11":"shipping-taxable","12":"product-type-simple","13":"entry","14":"content-bg","15":"loop-entry"},"_links":{"self":[{"href":"https:\/\/www.zucchelliforni.it\/fr\/wp-json\/wp\/v2\/product\/9288","targetHints":{"allow":["GET"]}}],"collection":[{"href":"https:\/\/www.zucchelliforni.it\/fr\/wp-json\/wp\/v2\/product"}],"about":[{"href":"https:\/\/www.zucchelliforni.it\/fr\/wp-json\/wp\/v2\/types\/product"}],"replies":[{"embeddable":true,"href":"https:\/\/www.zucchelliforni.it\/fr\/wp-json\/wp\/v2\/comments?post=9288"}],"version-history":[{"count":9,"href":"https:\/\/www.zucchelliforni.it\/fr\/wp-json\/wp\/v2\/product\/9288\/revisions"}],"predecessor-version":[{"id":11961,"href":"https:\/\/www.zucchelliforni.it\/fr\/wp-json\/wp\/v2\/product\/9288\/revisions\/11961"}],"wp:featuredmedia":[{"embeddable":true,"href":"https:\/\/www.zucchelliforni.it\/fr\/wp-json\/wp\/v2\/media\/9259"}],"wp:attachment":[{"href":"https:\/\/www.zucchelliforni.it\/fr\/wp-json\/wp\/v2\/media?parent=9288"}],"wp:term":[{"taxonomy":"product_brand","embeddable":true,"href":"https:\/\/www.zucchelliforni.it\/fr\/wp-json\/wp\/v2\/product_brand?post=9288"},{"taxonomy":"product_cat","embeddable":true,"href":"https:\/\/www.zucchelliforni.it\/fr\/wp-json\/wp\/v2\/product_cat?post=9288"},{"taxonomy":"product_tag","embeddable":true,"href":"https:\/\/www.zucchelliforni.it\/fr\/wp-json\/wp\/v2\/product_tag?post=9288"},{"taxonomy":"product_brands","embeddable":true,"href":"https:\/\/www.zucchelliforni.it\/fr\/wp-json\/wp\/v2\/product_brands?post=9288"}],"curies":[{"name":"wp","href":"https:\/\/api.w.org\/{rel}","templated":true}]}}