{"id":8579,"date":"2025-02-14T10:06:38","date_gmt":"2025-02-14T10:06:38","guid":{"rendered":"https:\/\/www.zucchelliforni.it\/Products\/rotorfan-4-80x100\/"},"modified":"2025-05-16T09:50:39","modified_gmt":"2025-05-16T09:50:39","slug":"rotorfan-4-80x100","status":"publish","type":"product","link":"https:\/\/www.zucchelliforni.it\/fr\/Products\/rotorfan-4-80x100\/","title":{"rendered":"Rotorfan 4 80&#215;100"},"content":{"rendered":"\t\t<div data-elementor-type=\"product-post\" data-elementor-id=\"8579\" class=\"elementor elementor-8579 elementor-1745\" data-elementor-post-type=\"product\">\n\t\t\t\t<div class=\"elementor-element elementor-element-61200c38 e-flex e-con-boxed e-con e-parent\" data-id=\"61200c38\" data-element_type=\"container\">\n\t\t\t\t\t<div class=\"e-con-inner\">\n\t\t<div class=\"elementor-element elementor-element-da54638 e-con-full e-flex e-con e-child\" data-id=\"da54638\" data-element_type=\"container\">\n\t\t\t\t<div class=\"elementor-element elementor-element-556cef91 elementor-widget elementor-widget-text-editor\" data-id=\"556cef91\" data-element_type=\"widget\" data-widget_type=\"text-editor.default\">\n\t\t\t\t<div class=\"elementor-widget-container\">\n\t\t\t\t\t\t\t\t\t<p><strong>FOUR \u00c0 CONVECTION ROTATIF<\/strong><\/p><ul><li>dimensionn\u00e9 pour 18 pliques 80&#215;100<\/li><li>disponible en version ELECTRIQUE et COMBUSTION (gaz\/mazout)<\/li><li>Chariot de cuisson AMOVIBLE (non inclus)<\/li><\/ul><p><strong>FOUR COMPLET AVEC :<\/strong><\/p><ul><li>Hotte aspirante motoris\u00e9e<\/li><li>Base en acier inoxydable 30\/10<\/li><li>Porte \u00e0 double vitrage<\/li><li>Chambre de cuisson, fa\u00e7ade et porte en acier inoxydable<\/li><li>R\u00e9sistances blind\u00e9es haute performance<\/li><li>Nouvel appareil \u00e0 bu\u00e9e ; am\u00e9lior\u00e9, facile d&rsquo;acc\u00e8s et totalement d\u00e9montable<\/li><li>Vanne manuelle pour l&rsquo;\u00e9vacuation de la vapeur exc\u00e9dentaire<\/li><\/ul>\t\t\t\t\t\t\t\t<\/div>\n\t\t\t\t<\/div>\n\t\t\t\t<\/div>\n\t\t\t\t\t<\/div>\n\t\t\t\t<\/div>\n\t\t\t\t<\/div>\n\t\t","protected":false},"excerpt":{"rendered":"<p>FOUR \u00c0 CONVECTION ROTATIF dimensionn\u00e9 pour 18 pliques 80&#215;100 disponible en version ELECTRIQUE et COMBUSTION (gaz\/mazout) Chariot de cuisson AMOVIBLE (non inclus) FOUR COMPLET AVEC : Hotte aspirante motoris\u00e9e Base en acier inoxydable 30\/10 Porte \u00e0 double vitrage Chambre de cuisson, fa\u00e7ade et porte en acier inoxydable R\u00e9sistances blind\u00e9es haute performance Nouvel appareil \u00e0 bu\u00e9e&#8230;<\/p>\n","protected":false},"featured_media":8580,"comment_status":"closed","ping_status":"closed","template":"","meta":{"_bst_post_transparent":"default","_bst_post_title":"","_bst_post_layout":"default","_bst_post_sidebar_id":"","_bst_post_content_style":"default","_bst_post_vertical_padding":"default","_bst_post_feature":"","_bst_post_feature_position":"","_bst_post_header":false,"_bst_post_footer":false},"product_brand":[],"product_cat":[328,366],"product_tag":[],"product_brands":[],"class_list":{"0":"post-8579","1":"product","2":"type-product","3":"status-publish","4":"has-post-thumbnail","6":"product_cat-forni-rotativi-fr","7":"product_cat-rotorfan-fr","8":"pa_alimentazione-gasolio-fr","9":"pa_alimentazione-gas-fr","10":"pa_alimentazione-gas-gpl-fr","11":"pa_alimentazione-energia-elettrica-fr","12":"pa_misura-teglie-80x100-cm-fr","13":"pa_numero-teglie-18-fr","14":"pa_produzione-oraria-teglie-80x100-cm-195-kg-fr","16":"first","17":"instock","18":"shipping-taxable","19":"product-type-simple","20":"entry","21":"content-bg","22":"loop-entry"},"_links":{"self":[{"href":"https:\/\/www.zucchelliforni.it\/fr\/wp-json\/wp\/v2\/product\/8579","targetHints":{"allow":["GET"]}}],"collection":[{"href":"https:\/\/www.zucchelliforni.it\/fr\/wp-json\/wp\/v2\/product"}],"about":[{"href":"https:\/\/www.zucchelliforni.it\/fr\/wp-json\/wp\/v2\/types\/product"}],"replies":[{"embeddable":true,"href":"https:\/\/www.zucchelliforni.it\/fr\/wp-json\/wp\/v2\/comments?post=8579"}],"version-history":[{"count":9,"href":"https:\/\/www.zucchelliforni.it\/fr\/wp-json\/wp\/v2\/product\/8579\/revisions"}],"predecessor-version":[{"id":14167,"href":"https:\/\/www.zucchelliforni.it\/fr\/wp-json\/wp\/v2\/product\/8579\/revisions\/14167"}],"wp:featuredmedia":[{"embeddable":true,"href":"https:\/\/www.zucchelliforni.it\/fr\/wp-json\/wp\/v2\/media\/8580"}],"wp:attachment":[{"href":"https:\/\/www.zucchelliforni.it\/fr\/wp-json\/wp\/v2\/media?parent=8579"}],"wp:term":[{"taxonomy":"product_brand","embeddable":true,"href":"https:\/\/www.zucchelliforni.it\/fr\/wp-json\/wp\/v2\/product_brand?post=8579"},{"taxonomy":"product_cat","embeddable":true,"href":"https:\/\/www.zucchelliforni.it\/fr\/wp-json\/wp\/v2\/product_cat?post=8579"},{"taxonomy":"product_tag","embeddable":true,"href":"https:\/\/www.zucchelliforni.it\/fr\/wp-json\/wp\/v2\/product_tag?post=8579"},{"taxonomy":"product_brands","embeddable":true,"href":"https:\/\/www.zucchelliforni.it\/fr\/wp-json\/wp\/v2\/product_brands?post=8579"}],"curies":[{"name":"wp","href":"https:\/\/api.w.org\/{rel}","templated":true}]}}