{"id":8109,"date":"2025-02-25T16:53:26","date_gmt":"2025-02-25T16:53:26","guid":{"rendered":"https:\/\/www.zucchelliforni.it\/Products\/minicombo-g-50x70\/"},"modified":"2025-05-16T07:46:18","modified_gmt":"2025-05-16T07:46:18","slug":"minicombo-g-50x70","status":"publish","type":"product","link":"https:\/\/www.zucchelliforni.it\/fr\/Products\/minicombo-g-50x70\/","title":{"rendered":"Minicombo G 50&#215;70"},"content":{"rendered":"\t\t<div data-elementor-type=\"product-post\" data-elementor-id=\"8109\" class=\"elementor elementor-8109 elementor-2538\" data-elementor-post-type=\"product\">\n\t\t\t\t<div class=\"elementor-element elementor-element-61200c38 e-flex e-con-boxed e-con e-parent\" data-id=\"61200c38\" data-element_type=\"container\">\n\t\t\t\t\t<div class=\"e-con-inner\">\n\t\t<div class=\"elementor-element elementor-element-da54638 e-con-full e-flex e-con e-child\" data-id=\"da54638\" data-element_type=\"container\">\n\t\t\t\t<div class=\"elementor-element elementor-element-556cef91 elementor-widget elementor-widget-text-editor\" data-id=\"556cef91\" data-element_type=\"widget\" data-widget_type=\"text-editor.default\">\n\t\t\t\t<div class=\"elementor-widget-container\">\n\t\t\t\t\t\t\t\t\t<p><strong>FOUR \u00c0 CONVECTION ROTATIF<\/strong><\/p><ul><li>dimensionn\u00e9 pour 8 ou 10 plaques 50&#215;70<\/li><li>uniquement disponible en version COMBUSTION (gaz, mazout)<\/li><\/ul><p><strong>Four complet avec :<\/strong><\/p><ul><li>Hotte d&rsquo;aspiration motoris\u00e9e<\/li><li>Tuyau d&rsquo;aspiration des vapeurs en acier inoxydable<\/li><li>Cadre de base en acier inoxydable<\/li><li>Porte \u00e0 double vitrage<\/li><li>Chambre de cuisson, fa\u00e7ade et porte en acier inoxydable<\/li><li>Nouvelle chambre de combustion ; \u00e0 haut rendement et totalement d\u00e9montable<\/li><li>Nouvel humidificateur ; am\u00e9lior\u00e9, facile d&rsquo;acc\u00e8s et totalement d\u00e9montable<\/li><li>Vanne manuelle pour l&rsquo;\u00e9vacuation de la vapeur exc\u00e9dentaire<\/li><li>\u00c9tuve de fermentation situ\u00e9e dans la partie inf\u00e9rieure du four<\/li><\/ul>\t\t\t\t\t\t\t\t<\/div>\n\t\t\t\t<\/div>\n\t\t\t\t<\/div>\n\t\t\t\t\t<\/div>\n\t\t\t\t<\/div>\n\t\t\t\t<\/div>\n\t\t","protected":false},"excerpt":{"rendered":"<p>FOUR \u00c0 CONVECTION ROTATIF dimensionn\u00e9 pour 8 ou 10 plaques 50&#215;70 uniquement disponible en version COMBUSTION (gaz, mazout) Four complet avec : Hotte d&rsquo;aspiration motoris\u00e9e Tuyau d&rsquo;aspiration des vapeurs en acier inoxydable Cadre de base en acier inoxydable Porte \u00e0 double vitrage Chambre de cuisson, fa\u00e7ade et porte en acier inoxydable Nouvelle chambre de combustion&#8230;<\/p>\n","protected":false},"featured_media":8110,"comment_status":"closed","ping_status":"closed","template":"","meta":{"_bst_post_transparent":"default","_bst_post_title":"","_bst_post_layout":"default","_bst_post_sidebar_id":"","_bst_post_content_style":"default","_bst_post_vertical_padding":"default","_bst_post_feature":"","_bst_post_feature_position":"","_bst_post_header":false,"_bst_post_footer":false},"product_brand":[],"product_cat":[327,328],"product_tag":[],"product_brands":[],"class_list":{"0":"post-8109","1":"product","2":"type-product","3":"status-publish","4":"has-post-thumbnail","6":"product_cat-minicombo-fr","7":"product_cat-forni-rotativi-fr","8":"pa_alimentazione-gasolio-fr","9":"pa_alimentazione-gas-fr","10":"pa_alimentazione-gas-gpl-fr","11":"pa_misura-teglie-50x70-cm-fr","12":"pa_numero-teglie-10-fr","13":"pa_numero-teglie-8-fr","14":"pa_produzione-oraria-plateaux-50x70-cm-35-40-kg","16":"first","17":"instock","18":"shipping-taxable","19":"purchasable","20":"product-type-simple","21":"entry","22":"content-bg","23":"loop-entry"},"_links":{"self":[{"href":"https:\/\/www.zucchelliforni.it\/fr\/wp-json\/wp\/v2\/product\/8109","targetHints":{"allow":["GET"]}}],"collection":[{"href":"https:\/\/www.zucchelliforni.it\/fr\/wp-json\/wp\/v2\/product"}],"about":[{"href":"https:\/\/www.zucchelliforni.it\/fr\/wp-json\/wp\/v2\/types\/product"}],"replies":[{"embeddable":true,"href":"https:\/\/www.zucchelliforni.it\/fr\/wp-json\/wp\/v2\/comments?post=8109"}],"version-history":[{"count":11,"href":"https:\/\/www.zucchelliforni.it\/fr\/wp-json\/wp\/v2\/product\/8109\/revisions"}],"predecessor-version":[{"id":14095,"href":"https:\/\/www.zucchelliforni.it\/fr\/wp-json\/wp\/v2\/product\/8109\/revisions\/14095"}],"wp:featuredmedia":[{"embeddable":true,"href":"https:\/\/www.zucchelliforni.it\/fr\/wp-json\/wp\/v2\/media\/8110"}],"wp:attachment":[{"href":"https:\/\/www.zucchelliforni.it\/fr\/wp-json\/wp\/v2\/media?parent=8109"}],"wp:term":[{"taxonomy":"product_brand","embeddable":true,"href":"https:\/\/www.zucchelliforni.it\/fr\/wp-json\/wp\/v2\/product_brand?post=8109"},{"taxonomy":"product_cat","embeddable":true,"href":"https:\/\/www.zucchelliforni.it\/fr\/wp-json\/wp\/v2\/product_cat?post=8109"},{"taxonomy":"product_tag","embeddable":true,"href":"https:\/\/www.zucchelliforni.it\/fr\/wp-json\/wp\/v2\/product_tag?post=8109"},{"taxonomy":"product_brands","embeddable":true,"href":"https:\/\/www.zucchelliforni.it\/fr\/wp-json\/wp\/v2\/product_brands?post=8109"}],"curies":[{"name":"wp","href":"https:\/\/api.w.org\/{rel}","templated":true}]}}