{"id":13224,"date":"2025-02-16T08:36:14","date_gmt":"2025-02-16T08:36:14","guid":{"rendered":"https:\/\/www.zucchelliforni.it\/Products\/cellule-falcon-50x70\/"},"modified":"2025-05-15T08:03:31","modified_gmt":"2025-05-15T08:03:31","slug":"cellule-falcon-50x70","status":"publish","type":"product","link":"https:\/\/www.zucchelliforni.it\/fr\/Products\/cellule-falcon-50x70\/","title":{"rendered":"\u00c9tuve Falcon 50&#215;70"},"content":{"rendered":"\t\t<div data-elementor-type=\"product-post\" data-elementor-id=\"13224\" class=\"elementor elementor-13224 elementor-1810\" data-elementor-post-type=\"product\">\n\t\t\t\t<div class=\"elementor-element elementor-element-61200c38 e-flex e-con-boxed e-con e-parent\" data-id=\"61200c38\" data-element_type=\"container\">\n\t\t\t\t\t<div class=\"e-con-inner\">\n\t\t<div class=\"elementor-element elementor-element-da54638 e-con-full e-flex e-con e-child\" data-id=\"da54638\" data-element_type=\"container\">\n\t\t\t\t<div class=\"elementor-element elementor-element-556cef91 elementor-widget elementor-widget-text-editor\" data-id=\"556cef91\" data-element_type=\"widget\" data-widget_type=\"text-editor.default\">\n\t\t\t\t<div class=\"elementor-widget-container\">\n\t\t\t\t\t\t\t\t\t<ul><li>dimensionn\u00e9e pour chariots 50&#215;70\u00a0<\/li><li>aliment\u00e9e \u00e9lectriquement<\/li><li>disponible en version 1 ou 2 portes<\/li><li>disponible en version 2 ou 4 chariots<\/li><\/ul><p><strong>L&rsquo;\u00e9tuve est livr\u00e9e compl\u00e8te de :<\/strong><\/p><ul><li>fa\u00e7ade et porte en acier inoxydable<\/li><li>unit\u00e9 de ventilation pour l&rsquo;\u00e9coulement de l&rsquo;air chaud et humide \u00e0 l&rsquo;int\u00e9rieur de l&rsquo;\u00e9tuve<\/li><li>syst\u00e8mes de chauffage et d&rsquo;humidification automatiques<\/li><li>Base en acier inoxydable 20\/10<\/li><li>rev\u00eatement ext\u00e9rieur en polystyr\u00e8ne expans\u00e9 auto-extinguible recouvert de deux feuilles de t\u00f4le pr\u00e9peintes<\/li><\/ul><p><strong>Comme ils utilisent les m\u00eames chariots, l&rsquo;\u00e9tuve peut \u00eatre combin\u00e9e avec les fours suivants :<\/strong><\/p><ul><li>Top-Falcon 50&#215;70<\/li><li>Rotorfan 50&#215;70<\/li><\/ul>\t\t\t\t\t\t\t\t<\/div>\n\t\t\t\t<\/div>\n\t\t\t\t<\/div>\n\t\t\t\t\t<\/div>\n\t\t\t\t<\/div>\n\t\t\t\t<\/div>\n\t\t","protected":false},"excerpt":{"rendered":"<p>dimensionn\u00e9e pour chariots 50&#215;70\u00a0 aliment\u00e9e \u00e9lectriquement disponible en version 1 ou 2 portes disponible en version 2 ou 4 chariots L&rsquo;\u00e9tuve est livr\u00e9e compl\u00e8te de : fa\u00e7ade et porte en acier inoxydable unit\u00e9 de ventilation pour l&rsquo;\u00e9coulement de l&rsquo;air chaud et humide \u00e0 l&rsquo;int\u00e9rieur de l&rsquo;\u00e9tuve syst\u00e8mes de chauffage et d&rsquo;humidification automatiques Base en acier&#8230;<\/p>\n","protected":false},"featured_media":9116,"comment_status":"closed","ping_status":"closed","template":"","meta":{"_bst_post_transparent":"default","_bst_post_title":"","_bst_post_layout":"default","_bst_post_sidebar_id":"","_bst_post_content_style":"default","_bst_post_vertical_padding":"default","_bst_post_feature":"","_bst_post_feature_position":"","_bst_post_header":false,"_bst_post_footer":false},"product_brand":[],"product_cat":[389,388],"product_tag":[],"product_brands":[],"class_list":{"0":"post-13224","1":"product","2":"type-product","3":"status-publish","4":"has-post-thumbnail","6":"product_cat-cella-falcon-fr","7":"product_cat-celle-fr","9":"first","10":"instock","11":"shipping-taxable","12":"purchasable","13":"product-type-variable","14":"entry","15":"content-bg","16":"loop-entry"},"_links":{"self":[{"href":"https:\/\/www.zucchelliforni.it\/fr\/wp-json\/wp\/v2\/product\/13224","targetHints":{"allow":["GET"]}}],"collection":[{"href":"https:\/\/www.zucchelliforni.it\/fr\/wp-json\/wp\/v2\/product"}],"about":[{"href":"https:\/\/www.zucchelliforni.it\/fr\/wp-json\/wp\/v2\/types\/product"}],"replies":[{"embeddable":true,"href":"https:\/\/www.zucchelliforni.it\/fr\/wp-json\/wp\/v2\/comments?post=13224"}],"version-history":[{"count":5,"href":"https:\/\/www.zucchelliforni.it\/fr\/wp-json\/wp\/v2\/product\/13224\/revisions"}],"predecessor-version":[{"id":13949,"href":"https:\/\/www.zucchelliforni.it\/fr\/wp-json\/wp\/v2\/product\/13224\/revisions\/13949"}],"wp:featuredmedia":[{"embeddable":true,"href":"https:\/\/www.zucchelliforni.it\/fr\/wp-json\/wp\/v2\/media\/9116"}],"wp:attachment":[{"href":"https:\/\/www.zucchelliforni.it\/fr\/wp-json\/wp\/v2\/media?parent=13224"}],"wp:term":[{"taxonomy":"product_brand","embeddable":true,"href":"https:\/\/www.zucchelliforni.it\/fr\/wp-json\/wp\/v2\/product_brand?post=13224"},{"taxonomy":"product_cat","embeddable":true,"href":"https:\/\/www.zucchelliforni.it\/fr\/wp-json\/wp\/v2\/product_cat?post=13224"},{"taxonomy":"product_tag","embeddable":true,"href":"https:\/\/www.zucchelliforni.it\/fr\/wp-json\/wp\/v2\/product_tag?post=13224"},{"taxonomy":"product_brands","embeddable":true,"href":"https:\/\/www.zucchelliforni.it\/fr\/wp-json\/wp\/v2\/product_brands?post=13224"}],"curies":[{"name":"wp","href":"https:\/\/api.w.org\/{rel}","templated":true}]}}