{"id":12991,"date":"2025-03-09T08:22:32","date_gmt":"2025-03-09T08:22:32","guid":{"rendered":"https:\/\/www.zucchelliforni.it\/Products\/minicombo-e-40x60\/"},"modified":"2025-05-16T07:13:55","modified_gmt":"2025-05-16T07:13:55","slug":"minicombo-e-40x60","status":"publish","type":"product","link":"https:\/\/www.zucchelliforni.it\/fr\/Products\/minicombo-e-40x60\/","title":{"rendered":"Minicombo E 40&#215;60"},"content":{"rendered":"\t\t<div data-elementor-type=\"product-post\" data-elementor-id=\"12991\" class=\"elementor elementor-12991 elementor-3881\" data-elementor-post-type=\"product\">\n\t\t\t\t<div class=\"elementor-element elementor-element-61200c38 e-flex e-con-boxed e-con e-parent\" data-id=\"61200c38\" data-element_type=\"container\">\n\t\t\t\t\t<div class=\"e-con-inner\">\n\t\t<div class=\"elementor-element elementor-element-da54638 e-con-full e-flex e-con e-child\" data-id=\"da54638\" data-element_type=\"container\">\n\t\t\t\t<div class=\"elementor-element elementor-element-556cef91 elementor-widget elementor-widget-text-editor\" data-id=\"556cef91\" data-element_type=\"widget\" data-widget_type=\"text-editor.default\">\n\t\t\t\t<div class=\"elementor-widget-container\">\n\t\t\t\t\t\t\t\t\t<p><strong>FOUR \u00c0 CONVECTION ROTATIF<\/strong><\/p><ul><li>dimensionn\u00e9 pour 8 ou 10 carreaux 40&#215;60<\/li><li>disponible uniquement en version ELECTRIQUE<\/li><\/ul><p><strong>Four complet avec :<\/strong><\/p><ul><li>Hotte aspirante motoris\u00e9e<\/li><li>Tuyau d&rsquo;aspiration des vapeurs en acier inoxydable<\/li><li>Base en acier inoxydable<\/li><li>Porte \u00e0 double vitrage<\/li><li>Chambre de cuisson, fa\u00e7ade et porte en acier inoxydable<\/li><li>R\u00e9sistances blind\u00e9es haute performance<\/li><li>Nouvel appareil \u00e0 bu\u00e9e ; am\u00e9lior\u00e9, facile d&rsquo;acc\u00e8s et totalement d\u00e9montable<\/li><li>Vanne manuelle pour l&rsquo;\u00e9vacuation de la vapeur exc\u00e9dentaire<\/li><\/ul><p><strong>CONFIGURABLE<\/strong><br \/>Sous le four peut \u00eatre install\u00e9 selon vos besoins :<\/p><ul><li>Support porte-plaques<\/li><li>\u00c9tuve de fermentation<\/li><li>\u00c9tage \u00e9lectrique pour 2 plaques et \u00e9tuve de fermentation<\/li><\/ul>\t\t\t\t\t\t\t\t<\/div>\n\t\t\t\t<\/div>\n\t\t\t\t<\/div>\n\t\t\t\t\t<\/div>\n\t\t\t\t<\/div>\n\t\t\t\t<\/div>\n\t\t","protected":false},"excerpt":{"rendered":"<p>FOUR \u00c0 CONVECTION ROTATIF dimensionn\u00e9 pour 8 ou 10 carreaux 40&#215;60 disponible uniquement en version ELECTRIQUE Four complet avec : Hotte aspirante motoris\u00e9e Tuyau d&rsquo;aspiration des vapeurs en acier inoxydable Base en acier inoxydable Porte \u00e0 double vitrage Chambre de cuisson, fa\u00e7ade et porte en acier inoxydable R\u00e9sistances blind\u00e9es haute performance Nouvel appareil \u00e0 bu\u00e9e&#8230;<\/p>\n","protected":false},"featured_media":7920,"comment_status":"closed","ping_status":"closed","template":"","meta":{"_bst_post_transparent":"default","_bst_post_title":"","_bst_post_layout":"default","_bst_post_sidebar_id":"","_bst_post_content_style":"default","_bst_post_vertical_padding":"default","_bst_post_feature":"","_bst_post_feature_position":"","_bst_post_header":false,"_bst_post_footer":false},"product_brand":[],"product_cat":[327,328],"product_tag":[],"product_brands":[],"class_list":{"0":"post-12991","1":"product","2":"type-product","3":"status-publish","4":"has-post-thumbnail","6":"product_cat-minicombo-fr","7":"product_cat-forni-rotativi-fr","8":"pa_alimentazione-energia-elettrica-fr","9":"pa_misura-teglie-40x60-cm-fr","10":"pa_numero-teglie-10-fr","11":"pa_numero-teglie-8-fr","12":"pa_produzione-oraria-teglie-40x60-cm-25-30-kg-fr","14":"first","15":"instock","16":"featured","17":"shipping-taxable","18":"purchasable","19":"product-type-variable","20":"has-default-attributes","21":"entry","22":"content-bg","23":"loop-entry"},"_links":{"self":[{"href":"https:\/\/www.zucchelliforni.it\/fr\/wp-json\/wp\/v2\/product\/12991","targetHints":{"allow":["GET"]}}],"collection":[{"href":"https:\/\/www.zucchelliforni.it\/fr\/wp-json\/wp\/v2\/product"}],"about":[{"href":"https:\/\/www.zucchelliforni.it\/fr\/wp-json\/wp\/v2\/types\/product"}],"replies":[{"embeddable":true,"href":"https:\/\/www.zucchelliforni.it\/fr\/wp-json\/wp\/v2\/comments?post=12991"}],"version-history":[{"count":4,"href":"https:\/\/www.zucchelliforni.it\/fr\/wp-json\/wp\/v2\/product\/12991\/revisions"}],"predecessor-version":[{"id":14081,"href":"https:\/\/www.zucchelliforni.it\/fr\/wp-json\/wp\/v2\/product\/12991\/revisions\/14081"}],"wp:featuredmedia":[{"embeddable":true,"href":"https:\/\/www.zucchelliforni.it\/fr\/wp-json\/wp\/v2\/media\/7920"}],"wp:attachment":[{"href":"https:\/\/www.zucchelliforni.it\/fr\/wp-json\/wp\/v2\/media?parent=12991"}],"wp:term":[{"taxonomy":"product_brand","embeddable":true,"href":"https:\/\/www.zucchelliforni.it\/fr\/wp-json\/wp\/v2\/product_brand?post=12991"},{"taxonomy":"product_cat","embeddable":true,"href":"https:\/\/www.zucchelliforni.it\/fr\/wp-json\/wp\/v2\/product_cat?post=12991"},{"taxonomy":"product_tag","embeddable":true,"href":"https:\/\/www.zucchelliforni.it\/fr\/wp-json\/wp\/v2\/product_tag?post=12991"},{"taxonomy":"product_brands","embeddable":true,"href":"https:\/\/www.zucchelliforni.it\/fr\/wp-json\/wp\/v2\/product_brands?post=12991"}],"curies":[{"name":"wp","href":"https:\/\/api.w.org\/{rel}","templated":true}]}}