{"id":12997,"date":"2025-03-09T08:22:32","date_gmt":"2025-03-09T08:22:32","guid":{"rendered":"https:\/\/www.zucchelliforni.it\/Products\/minicombo-e-40x60\/"},"modified":"2025-05-16T07:27:08","modified_gmt":"2025-05-16T07:27:08","slug":"minicombo-e-40x60","status":"publish","type":"product","link":"https:\/\/www.zucchelliforni.it\/es\/Products\/minicombo-e-40x60\/","title":{"rendered":"Minicombo E 40&#215;60"},"content":{"rendered":"\t\t<div data-elementor-type=\"product-post\" data-elementor-id=\"12997\" class=\"elementor elementor-12997 elementor-3881\" data-elementor-post-type=\"product\">\n\t\t\t\t<div class=\"elementor-element elementor-element-61200c38 e-flex e-con-boxed e-con e-parent\" data-id=\"61200c38\" data-element_type=\"container\">\n\t\t\t\t\t<div class=\"e-con-inner\">\n\t\t<div class=\"elementor-element elementor-element-da54638 e-con-full e-flex e-con e-child\" data-id=\"da54638\" data-element_type=\"container\">\n\t\t\t\t<div class=\"elementor-element elementor-element-556cef91 elementor-widget elementor-widget-text-editor\" data-id=\"556cef91\" data-element_type=\"widget\" data-widget_type=\"text-editor.default\">\n\t\t\t\t<div class=\"elementor-widget-container\">\n\t\t\t\t\t\t\t\t\t<p><strong>HORNO ROTATIVO DE CONVECCI\u00d3N<\/strong><\/p><ul><li>para 8 ou 10 BANDEJAS 40&#215;60<\/li><li>disponible s\u00f3lo en versi\u00f3n EL\u00c9CTRICA<\/li><\/ul><p><strong>Horno completo de :<\/strong><\/p><ul><li>Campana extractora motorizada<\/li><li>Carcasa de aspiraci\u00f3n de vapor de acero inoxidable<\/li><li>Base de acero inoxidable<\/li><li>Puerta con doble vidrio<\/li><li>C\u00e1mara de cocci\u00f3n, farente y puerta de acero inoxidable<\/li><li>Resistencias blindadas de alto rendimiento<\/li><li>Nuevovaporizador mejorado, de f\u00e1cil acceso y totalmente desmontable<\/li><li>V\u00e1lvula manual para la evacuaci\u00f3n del vapor excedente<\/li><\/ul><p><strong>CONFIGURABLE<\/strong><br \/>Bajo el horno es posible instalar :<\/p><ul><li>Soporte para bandejas<\/li><li>C\u00e1mara de fermentaci\u00f3n<\/li><li>Piso el\u00e9ctrico para 2 bandejas y c\u00e1mara de fermentaci\u00f3n<\/li><\/ul>\t\t\t\t\t\t\t\t<\/div>\n\t\t\t\t<\/div>\n\t\t\t\t<\/div>\n\t\t\t\t\t<\/div>\n\t\t\t\t<\/div>\n\t\t\t\t<\/div>\n\t\t","protected":false},"excerpt":{"rendered":"<p>HORNO ROTATIVO DE CONVECCI\u00d3N para 8 ou 10 BANDEJAS 40&#215;60 disponible s\u00f3lo en versi\u00f3n EL\u00c9CTRICA Horno completo de : Campana extractora motorizada Carcasa de aspiraci\u00f3n de vapor de acero inoxidable Base de acero inoxidable Puerta con doble vidrio C\u00e1mara de cocci\u00f3n, farente y puerta de acero inoxidable Resistencias blindadas de alto rendimiento Nuevovaporizador mejorado, de&#8230;<\/p>\n","protected":false},"featured_media":10676,"comment_status":"closed","ping_status":"closed","template":"","meta":{"_bst_post_transparent":"default","_bst_post_title":"","_bst_post_layout":"default","_bst_post_sidebar_id":"","_bst_post_content_style":"default","_bst_post_vertical_padding":"default","_bst_post_feature":"","_bst_post_feature_position":"","_bst_post_header":false,"_bst_post_footer":false},"product_brand":[],"product_cat":[400,401],"product_tag":[],"product_brands":[],"class_list":{"0":"post-12997","1":"product","2":"type-product","3":"status-publish","4":"has-post-thumbnail","6":"product_cat-minicombo-es","7":"product_cat-forni-rotativi-es","8":"pa_alimentazione-energia-elettrica-es","9":"pa_misura-teglie-40x60-cm-es","10":"pa_numero-teglie-10-es","11":"pa_numero-teglie-8-es","12":"pa_produzione-oraria-teglie-40x60-cm-25-30-kg-es","14":"first","15":"instock","16":"featured","17":"shipping-taxable","18":"purchasable","19":"product-type-variable","20":"has-default-attributes","21":"entry","22":"content-bg","23":"loop-entry"},"_links":{"self":[{"href":"https:\/\/www.zucchelliforni.it\/es\/wp-json\/wp\/v2\/product\/12997","targetHints":{"allow":["GET"]}}],"collection":[{"href":"https:\/\/www.zucchelliforni.it\/es\/wp-json\/wp\/v2\/product"}],"about":[{"href":"https:\/\/www.zucchelliforni.it\/es\/wp-json\/wp\/v2\/types\/product"}],"replies":[{"embeddable":true,"href":"https:\/\/www.zucchelliforni.it\/es\/wp-json\/wp\/v2\/comments?post=12997"}],"version-history":[{"count":11,"href":"https:\/\/www.zucchelliforni.it\/es\/wp-json\/wp\/v2\/product\/12997\/revisions"}],"predecessor-version":[{"id":14089,"href":"https:\/\/www.zucchelliforni.it\/es\/wp-json\/wp\/v2\/product\/12997\/revisions\/14089"}],"wp:featuredmedia":[{"embeddable":true,"href":"https:\/\/www.zucchelliforni.it\/es\/wp-json\/wp\/v2\/media\/10676"}],"wp:attachment":[{"href":"https:\/\/www.zucchelliforni.it\/es\/wp-json\/wp\/v2\/media?parent=12997"}],"wp:term":[{"taxonomy":"product_brand","embeddable":true,"href":"https:\/\/www.zucchelliforni.it\/es\/wp-json\/wp\/v2\/product_brand?post=12997"},{"taxonomy":"product_cat","embeddable":true,"href":"https:\/\/www.zucchelliforni.it\/es\/wp-json\/wp\/v2\/product_cat?post=12997"},{"taxonomy":"product_tag","embeddable":true,"href":"https:\/\/www.zucchelliforni.it\/es\/wp-json\/wp\/v2\/product_tag?post=12997"},{"taxonomy":"product_brands","embeddable":true,"href":"https:\/\/www.zucchelliforni.it\/es\/wp-json\/wp\/v2\/product_brands?post=12997"}],"curies":[{"name":"wp","href":"https:\/\/api.w.org\/{rel}","templated":true}]}}