{"id":11248,"date":"2025-02-25T16:53:26","date_gmt":"2025-02-25T16:53:26","guid":{"rendered":"https:\/\/www.zucchelliforni.it\/Products\/minicombo-g-50x70\/"},"modified":"2025-05-09T07:18:22","modified_gmt":"2025-05-09T07:18:22","slug":"minicombo-g-50x70","status":"publish","type":"product","link":"https:\/\/www.zucchelliforni.it\/es\/Products\/minicombo-g-50x70\/","title":{"rendered":"Minicombo G 50&#215;70"},"content":{"rendered":"\t\t<div data-elementor-type=\"product-post\" data-elementor-id=\"11248\" class=\"elementor elementor-11248 elementor-2538\" data-elementor-post-type=\"product\">\n\t\t\t\t<div class=\"elementor-element elementor-element-61200c38 e-flex e-con-boxed e-con e-parent\" data-id=\"61200c38\" data-element_type=\"container\">\n\t\t\t\t\t<div class=\"e-con-inner\">\n\t\t<div class=\"elementor-element elementor-element-da54638 e-con-full e-flex e-con e-child\" data-id=\"da54638\" data-element_type=\"container\">\n\t\t\t\t<div class=\"elementor-element elementor-element-556cef91 elementor-widget elementor-widget-text-editor\" data-id=\"556cef91\" data-element_type=\"widget\" data-widget_type=\"text-editor.default\">\n\t\t\t\t<div class=\"elementor-widget-container\">\n\t\t\t\t\t\t\t\t\t<p><strong>HORNO ROTATIVO DE CONVECCI\u00d3N<\/strong><\/p><ul><li>para 8 o 10 BANDEJAS 50&#215;70<\/li><li>s\u00f3lo disponible en versi\u00f3n COMBUSTION (gas, gas\u00f3leo&#8230;)<\/li><\/ul><p><strong>Horno completo con:<\/strong><\/p><ul><li>Campana de aspiraci\u00f3n motorizada<\/li><li>Carcasa de aspiraci\u00f3n de vapores de acero inoxidable<\/li><li>Base de acero inoxidable<\/li><li>Puerta con doble vidrio<\/li><li>C\u00e1mara de cocci\u00f3n, frente y puerta de acero inoxidable<\/li><li>Nueva c\u00e1mara de combusti\u00f3n; de alta eficiencia y totalmente desmontable<\/li><li>Nuevo vaporizador; mejorado, de f\u00e1cil acceso y totalmente desmontable<\/li><li>V\u00e1lvula manual de descarga del vapor\u00a0<\/li><li>C\u00e1mara de fermentaci\u00f3n situada en la parte inferior del horno<\/li><\/ul>\t\t\t\t\t\t\t\t<\/div>\n\t\t\t\t<\/div>\n\t\t\t\t<\/div>\n\t\t\t\t\t<\/div>\n\t\t\t\t<\/div>\n\t\t\t\t<\/div>\n\t\t","protected":false},"excerpt":{"rendered":"<p>HORNO ROTATIVO DE CONVECCI\u00d3N para 8 o 10 BANDEJAS 50&#215;70 s\u00f3lo disponible en versi\u00f3n COMBUSTION (gas, gas\u00f3leo&#8230;) Horno completo con: Campana de aspiraci\u00f3n motorizada Carcasa de aspiraci\u00f3n de vapores de acero inoxidable Base de acero inoxidable Puerta con doble vidrio C\u00e1mara de cocci\u00f3n, frente y puerta de acero inoxidable Nueva c\u00e1mara de combusti\u00f3n; de alta&#8230;<\/p>\n","protected":false},"featured_media":11243,"comment_status":"closed","ping_status":"closed","template":"","meta":{"_bst_post_transparent":"default","_bst_post_title":"","_bst_post_layout":"default","_bst_post_sidebar_id":"","_bst_post_content_style":"default","_bst_post_vertical_padding":"default","_bst_post_feature":"","_bst_post_feature_position":"","_bst_post_header":false,"_bst_post_footer":false},"product_brand":[],"product_cat":[400,401],"product_tag":[],"product_brands":[],"class_list":{"0":"post-11248","1":"product","2":"type-product","3":"status-publish","4":"has-post-thumbnail","6":"product_cat-minicombo-es","7":"product_cat-forni-rotativi-es","8":"pa_alimentazione-gasolio-es","9":"pa_alimentazione-gas-es","10":"pa_alimentazione-gas-gpl-es","11":"pa_misura-teglie-50x70-cm-es","12":"pa_numero-teglie-10-es","13":"pa_numero-teglie-8-es","14":"pa_produzione-oraria-teglie-50x70-cm-35-40-kg-es","16":"first","17":"instock","18":"shipping-taxable","19":"purchasable","20":"product-type-simple","21":"entry","22":"content-bg","23":"loop-entry"},"_links":{"self":[{"href":"https:\/\/www.zucchelliforni.it\/es\/wp-json\/wp\/v2\/product\/11248","targetHints":{"allow":["GET"]}}],"collection":[{"href":"https:\/\/www.zucchelliforni.it\/es\/wp-json\/wp\/v2\/product"}],"about":[{"href":"https:\/\/www.zucchelliforni.it\/es\/wp-json\/wp\/v2\/types\/product"}],"replies":[{"embeddable":true,"href":"https:\/\/www.zucchelliforni.it\/es\/wp-json\/wp\/v2\/comments?post=11248"}],"version-history":[{"count":5,"href":"https:\/\/www.zucchelliforni.it\/es\/wp-json\/wp\/v2\/product\/11248\/revisions"}],"predecessor-version":[{"id":13505,"href":"https:\/\/www.zucchelliforni.it\/es\/wp-json\/wp\/v2\/product\/11248\/revisions\/13505"}],"wp:featuredmedia":[{"embeddable":true,"href":"https:\/\/www.zucchelliforni.it\/es\/wp-json\/wp\/v2\/media\/11243"}],"wp:attachment":[{"href":"https:\/\/www.zucchelliforni.it\/es\/wp-json\/wp\/v2\/media?parent=11248"}],"wp:term":[{"taxonomy":"product_brand","embeddable":true,"href":"https:\/\/www.zucchelliforni.it\/es\/wp-json\/wp\/v2\/product_brand?post=11248"},{"taxonomy":"product_cat","embeddable":true,"href":"https:\/\/www.zucchelliforni.it\/es\/wp-json\/wp\/v2\/product_cat?post=11248"},{"taxonomy":"product_tag","embeddable":true,"href":"https:\/\/www.zucchelliforni.it\/es\/wp-json\/wp\/v2\/product_tag?post=11248"},{"taxonomy":"product_brands","embeddable":true,"href":"https:\/\/www.zucchelliforni.it\/es\/wp-json\/wp\/v2\/product_brands?post=11248"}],"curies":[{"name":"wp","href":"https:\/\/api.w.org\/{rel}","templated":true}]}}