{"id":11124,"date":"2025-02-16T10:23:24","date_gmt":"2025-02-16T10:23:24","guid":{"rendered":"https:\/\/www.zucchelliforni.it\/Products\/cella-static-lu-160\/"},"modified":"2025-05-15T08:59:56","modified_gmt":"2025-05-15T08:59:56","slug":"cella-static-lu-160","status":"publish","type":"product","link":"https:\/\/www.zucchelliforni.it\/es\/Products\/cella-static-lu-160\/","title":{"rendered":"C\u00e1mara Static LU. 160"},"content":{"rendered":"\t\t<div data-elementor-type=\"product-post\" data-elementor-id=\"11124\" class=\"elementor elementor-11124 elementor-1889\" data-elementor-post-type=\"product\">\n\t\t\t\t<div class=\"elementor-element elementor-element-61200c38 e-flex e-con-boxed e-con e-parent\" data-id=\"61200c38\" data-element_type=\"container\">\n\t\t\t\t\t<div class=\"e-con-inner\">\n\t\t<div class=\"elementor-element elementor-element-da54638 e-con-full e-flex e-con e-child\" data-id=\"da54638\" data-element_type=\"container\">\n\t\t\t\t<div class=\"elementor-element elementor-element-556cef91 elementor-widget elementor-widget-text-editor\" data-id=\"556cef91\" data-element_type=\"widget\" data-widget_type=\"text-editor.default\">\n\t\t\t\t<div class=\"elementor-widget-container\">\n\t\t\t\t\t\t\t\t\t<ul><li>alimentaci\u00f3n EL\u00c9CTRICA<\/li><li>para hornos est\u00e1ticos con una profundidad de c\u00e1mara de 160 cm<\/li><\/ul><p><strong>La c\u00e1mara viene completa de :<\/strong><\/p><ul><li>frente y puerta de acero inoxidable<\/li><li>unidad de ventilaci\u00f3n para el flujo de aire caliente y h\u00famedo dentro de la c\u00e9lula<\/li><li>sistemas autom\u00e1ticos de calefacci\u00f3n y humidificaci\u00f3n<\/li><li>Base de acero inoxidable 20\/10<\/li><li>revestimiento exterior de poliestireno expandido autoextinguible recubierto de dos l\u00e1minas de chapa prepintada<\/li><\/ul>\t\t\t\t\t\t\t\t<\/div>\n\t\t\t\t<\/div>\n\t\t\t\t<\/div>\n\t\t\t\t\t<\/div>\n\t\t\t\t<\/div>\n\t\t\t\t<\/div>\n\t\t","protected":false},"excerpt":{"rendered":"<p>alimentaci\u00f3n EL\u00c9CTRICA para hornos est\u00e1ticos con una profundidad de c\u00e1mara de 160 cm La c\u00e1mara viene completa de : frente y puerta de acero inoxidable unidad de ventilaci\u00f3n para el flujo de aire caliente y h\u00famedo dentro de la c\u00e9lula sistemas autom\u00e1ticos de calefacci\u00f3n y humidificaci\u00f3n Base de acero inoxidable 20\/10 revestimiento exterior de poliestireno&#8230;<\/p>\n","protected":false},"featured_media":11119,"comment_status":"closed","ping_status":"closed","template":"","meta":{"_bst_post_transparent":"default","_bst_post_title":"","_bst_post_layout":"default","_bst_post_sidebar_id":"","_bst_post_content_style":"default","_bst_post_vertical_padding":"default","_bst_post_feature":"","_bst_post_feature_position":"","_bst_post_header":false,"_bst_post_footer":false},"product_brand":[],"product_cat":[473,477],"product_tag":[],"product_brands":[],"class_list":{"0":"post-11124","1":"product","2":"type-product","3":"status-publish","4":"has-post-thumbnail","6":"product_cat-celle-es","7":"product_cat-cella-static-es","9":"first","10":"instock","11":"shipping-taxable","12":"product-type-simple","13":"entry","14":"content-bg","15":"loop-entry"},"_links":{"self":[{"href":"https:\/\/www.zucchelliforni.it\/es\/wp-json\/wp\/v2\/product\/11124","targetHints":{"allow":["GET"]}}],"collection":[{"href":"https:\/\/www.zucchelliforni.it\/es\/wp-json\/wp\/v2\/product"}],"about":[{"href":"https:\/\/www.zucchelliforni.it\/es\/wp-json\/wp\/v2\/types\/product"}],"replies":[{"embeddable":true,"href":"https:\/\/www.zucchelliforni.it\/es\/wp-json\/wp\/v2\/comments?post=11124"}],"version-history":[{"count":10,"href":"https:\/\/www.zucchelliforni.it\/es\/wp-json\/wp\/v2\/product\/11124\/revisions"}],"predecessor-version":[{"id":13990,"href":"https:\/\/www.zucchelliforni.it\/es\/wp-json\/wp\/v2\/product\/11124\/revisions\/13990"}],"wp:featuredmedia":[{"embeddable":true,"href":"https:\/\/www.zucchelliforni.it\/es\/wp-json\/wp\/v2\/media\/11119"}],"wp:attachment":[{"href":"https:\/\/www.zucchelliforni.it\/es\/wp-json\/wp\/v2\/media?parent=11124"}],"wp:term":[{"taxonomy":"product_brand","embeddable":true,"href":"https:\/\/www.zucchelliforni.it\/es\/wp-json\/wp\/v2\/product_brand?post=11124"},{"taxonomy":"product_cat","embeddable":true,"href":"https:\/\/www.zucchelliforni.it\/es\/wp-json\/wp\/v2\/product_cat?post=11124"},{"taxonomy":"product_tag","embeddable":true,"href":"https:\/\/www.zucchelliforni.it\/es\/wp-json\/wp\/v2\/product_tag?post=11124"},{"taxonomy":"product_brands","embeddable":true,"href":"https:\/\/www.zucchelliforni.it\/es\/wp-json\/wp\/v2\/product_brands?post=11124"}],"curies":[{"name":"wp","href":"https:\/\/api.w.org\/{rel}","templated":true}]}}