{"id":10852,"date":"2025-02-19T16:55:46","date_gmt":"2025-02-19T16:55:46","guid":{"rendered":"https:\/\/www.zucchelliforni.it\/Products\/statico-ciclotermico-modello-ct-ct9\/"},"modified":"2025-05-09T13:27:31","modified_gmt":"2025-05-09T13:27:31","slug":"statico-ciclotermico-modello-ct-ct9","status":"publish","type":"product","link":"https:\/\/www.zucchelliforni.it\/es\/Products\/statico-ciclotermico-modello-ct-ct9\/","title":{"rendered":"Ciclot\u00e9rmico modelo CT 9"},"content":{"rendered":"\t\t<div data-elementor-type=\"product-post\" data-elementor-id=\"10852\" class=\"elementor elementor-10852 elementor-2219\" data-elementor-post-type=\"product\">\n\t\t\t\t<div class=\"elementor-element elementor-element-61200c38 e-flex e-con-boxed e-con e-parent\" data-id=\"61200c38\" data-element_type=\"container\">\n\t\t\t\t\t<div class=\"e-con-inner\">\n\t\t<div class=\"elementor-element elementor-element-da54638 e-con-full e-flex e-con e-child\" data-id=\"da54638\" data-element_type=\"container\">\n\t\t\t\t<div class=\"elementor-element elementor-element-556cef91 elementor-widget elementor-widget-text-editor\" data-id=\"556cef91\" data-element_type=\"widget\" data-widget_type=\"text-editor.default\">\n\t\t\t\t<div class=\"elementor-widget-container\">\n\t\t\t\t\t\t\t\t\t<p><strong>HORNO EST\u00c1TICO DE PISOS FIJOS<\/strong><\/p><ul><li>ancho \u00fatil de la c\u00e1mara: 66 cm<\/li><li>profundidad \u00fatil de la c\u00e1mara: 139 cm (seg\u00fan el modelo elegido)<\/li><li>alimentaci\u00f3n a combusti\u00f3n (gas, gas\u00f3leo&#8230;)<\/li><li>disponible en versi\u00f3n de 4 pisos<\/li><\/ul><p><strong>Horno completo con :<\/strong><\/p><ul><li>Pisos de cocci\u00f3n de fibra de vidrio refractaria<\/li><li>Vaporizador dimensionado para un suministro abundante de vapor<\/li><li>Campana extractora motorizada<\/li><li>V\u00e1lvula manual para evacuar el exceso de vapor<\/li><li>Puertas de cristal templado<\/li><li>Frente de acero inoxidable<\/li><\/ul>\t\t\t\t\t\t\t\t<\/div>\n\t\t\t\t<\/div>\n\t\t\t\t<\/div>\n\t\t\t\t\t<\/div>\n\t\t\t\t<\/div>\n\t\t\t\t<\/div>\n\t\t","protected":false},"excerpt":{"rendered":"<p>HORNO EST\u00c1TICO DE PISOS FIJOS ancho \u00fatil de la c\u00e1mara: 66 cm profundidad \u00fatil de la c\u00e1mara: 139 cm (seg\u00fan el modelo elegido) alimentaci\u00f3n a combusti\u00f3n (gas, gas\u00f3leo&#8230;) disponible en versi\u00f3n de 4 pisos Horno completo con : Pisos de cocci\u00f3n de fibra de vidrio refractaria Vaporizador dimensionado para un suministro abundante de vapor Campana&#8230;<\/p>\n","protected":false},"featured_media":10853,"comment_status":"closed","ping_status":"closed","template":"","meta":{"_bst_post_transparent":"default","_bst_post_title":"","_bst_post_layout":"default","_bst_post_sidebar_id":"","_bst_post_content_style":"default","_bst_post_vertical_padding":"default","_bst_post_feature":"","_bst_post_feature_position":"","_bst_post_header":false,"_bst_post_footer":false},"product_brand":[],"product_cat":[441,451],"product_tag":[],"product_brands":[],"class_list":{"0":"post-10852","1":"product","2":"type-product","3":"status-publish","4":"has-post-thumbnail","6":"product_cat-forni-statici-es","7":"product_cat-ciclotermico-modello-ct-es","8":"pa_alimentazione-gasolio-es","9":"pa_alimentazione-gas-es","10":"pa_alimentazione-gas-gpl-es","12":"first","13":"instock","14":"shipping-taxable","15":"purchasable","16":"product-type-simple","17":"entry","18":"content-bg","19":"loop-entry"},"_links":{"self":[{"href":"https:\/\/www.zucchelliforni.it\/es\/wp-json\/wp\/v2\/product\/10852","targetHints":{"allow":["GET"]}}],"collection":[{"href":"https:\/\/www.zucchelliforni.it\/es\/wp-json\/wp\/v2\/product"}],"about":[{"href":"https:\/\/www.zucchelliforni.it\/es\/wp-json\/wp\/v2\/types\/product"}],"replies":[{"embeddable":true,"href":"https:\/\/www.zucchelliforni.it\/es\/wp-json\/wp\/v2\/comments?post=10852"}],"version-history":[{"count":8,"href":"https:\/\/www.zucchelliforni.it\/es\/wp-json\/wp\/v2\/product\/10852\/revisions"}],"predecessor-version":[{"id":13714,"href":"https:\/\/www.zucchelliforni.it\/es\/wp-json\/wp\/v2\/product\/10852\/revisions\/13714"}],"wp:featuredmedia":[{"embeddable":true,"href":"https:\/\/www.zucchelliforni.it\/es\/wp-json\/wp\/v2\/media\/10853"}],"wp:attachment":[{"href":"https:\/\/www.zucchelliforni.it\/es\/wp-json\/wp\/v2\/media?parent=10852"}],"wp:term":[{"taxonomy":"product_brand","embeddable":true,"href":"https:\/\/www.zucchelliforni.it\/es\/wp-json\/wp\/v2\/product_brand?post=10852"},{"taxonomy":"product_cat","embeddable":true,"href":"https:\/\/www.zucchelliforni.it\/es\/wp-json\/wp\/v2\/product_cat?post=10852"},{"taxonomy":"product_tag","embeddable":true,"href":"https:\/\/www.zucchelliforni.it\/es\/wp-json\/wp\/v2\/product_tag?post=10852"},{"taxonomy":"product_brands","embeddable":true,"href":"https:\/\/www.zucchelliforni.it\/es\/wp-json\/wp\/v2\/product_brands?post=10852"}],"curies":[{"name":"wp","href":"https:\/\/api.w.org\/{rel}","templated":true}]}}