{"id":10815,"date":"2025-02-19T13:20:27","date_gmt":"2025-02-19T13:20:27","guid":{"rendered":"https:\/\/www.zucchelliforni.it\/Products\/statico-elettrico-el-08\/"},"modified":"2025-07-10T00:03:34","modified_gmt":"2025-07-10T00:03:34","slug":"statico-elettrico-el-08","status":"publish","type":"product","link":"https:\/\/www.zucchelliforni.it\/es\/Products\/statico-elettrico-el-08\/","title":{"rendered":"El\u00e9ctrico EL.08"},"content":{"rendered":"\t\t<div data-elementor-type=\"product-post\" data-elementor-id=\"10815\" class=\"elementor elementor-10815 elementor-2009\" data-elementor-post-type=\"product\">\n\t\t\t\t<div class=\"elementor-element elementor-element-61200c38 e-flex e-con-boxed e-con e-parent\" data-id=\"61200c38\" data-element_type=\"container\">\n\t\t\t\t\t<div class=\"e-con-inner\">\n\t\t<div class=\"elementor-element elementor-element-da54638 e-con-full e-flex e-con e-child\" data-id=\"da54638\" data-element_type=\"container\">\n\t\t\t\t<div class=\"elementor-element elementor-element-556cef91 elementor-widget elementor-widget-text-editor\" data-id=\"556cef91\" data-element_type=\"widget\" data-widget_type=\"text-editor.default\">\n\t\t\t\t<div class=\"elementor-widget-container\">\n\t\t\t\t\t\t\t\t\t<p><strong>HORNO EST\u00c1TICO DE PISOS FIJOS<\/strong><\/p><ul><li>ancho \u00fatil de la c\u00e1mara: 80 cm<\/li><li>profundidad \u00fatil de la c\u00e1mara: 120\/160\/200 cm (seg\u00fan el modelo elegido)<\/li><li>funcionamiento el\u00e9ctrico<\/li><li>disponible en versi\u00f3n de 3 o 4 c\u00e1maras<\/li><\/ul><p><strong>Horno completo con :<\/strong><\/p><ul><li>Pisos independientes<\/li><li>C\u00e1mara superior con altura \u00fatil de 23 cm<\/li><li>Pisos de cocci\u00f3n de fibra de vidrio refractaria<\/li><li>Resistencias blindadas de alto rendimiento<\/li><li>Controlador electr\u00f3nico digital con microprocesador<\/li><li>Economizador y arranque programable<\/li><li>Nuevo vaporizador dimensionado para un abundante suministro de vapor<\/li><li>Campana extractora motorizada<\/li><li>V\u00e1lvula manual para evacuar el exceso de vapor<\/li><li>Puertas de cristal templado<\/li><li>Frente de acero inoxidable<\/li><\/ul>\t\t\t\t\t\t\t\t<\/div>\n\t\t\t\t<\/div>\n\t\t\t\t<\/div>\n\t\t\t\t\t<\/div>\n\t\t\t\t<\/div>\n\t\t\t\t<\/div>\n\t\t","protected":false},"excerpt":{"rendered":"<p>HORNO EST\u00c1TICO DE PISOS FIJOS ancho \u00fatil de la c\u00e1mara: 80 cm profundidad \u00fatil de la c\u00e1mara: 120\/160\/200 cm (seg\u00fan el modelo elegido) funcionamiento el\u00e9ctrico disponible en versi\u00f3n de 3 o 4 c\u00e1maras Horno completo con : Pisos independientes C\u00e1mara superior con altura \u00fatil de 23 cm Pisos de cocci\u00f3n de fibra de vidrio refractaria&#8230;<\/p>\n","protected":false},"featured_media":14424,"comment_status":"closed","ping_status":"closed","template":"","meta":{"_bst_post_transparent":"default","_bst_post_title":"","_bst_post_layout":"default","_bst_post_sidebar_id":"","_bst_post_content_style":"default","_bst_post_vertical_padding":"default","_bst_post_feature":"","_bst_post_feature_position":"","_bst_post_header":false,"_bst_post_footer":false},"product_brand":[],"product_cat":[440,441],"product_tag":[],"product_brands":[],"class_list":{"0":"post-10815","1":"product","2":"type-product","3":"status-publish","4":"has-post-thumbnail","6":"product_cat-forno-elettrico-es","7":"product_cat-forni-statici-es","8":"pa_alimentazione-energia-elettrica-es","9":"pa_larghezza-utile-camera-82-cm-es","10":"pa_superficie-di-cottura-29-39-48-m2-3-camere-38-52-64-m2-4-camere-es","12":"first","13":"instock","14":"featured","15":"shipping-taxable","16":"purchasable","17":"product-type-variable","18":"entry","19":"content-bg","20":"loop-entry"},"_links":{"self":[{"href":"https:\/\/www.zucchelliforni.it\/es\/wp-json\/wp\/v2\/product\/10815","targetHints":{"allow":["GET"]}}],"collection":[{"href":"https:\/\/www.zucchelliforni.it\/es\/wp-json\/wp\/v2\/product"}],"about":[{"href":"https:\/\/www.zucchelliforni.it\/es\/wp-json\/wp\/v2\/types\/product"}],"replies":[{"embeddable":true,"href":"https:\/\/www.zucchelliforni.it\/es\/wp-json\/wp\/v2\/comments?post=10815"}],"version-history":[{"count":8,"href":"https:\/\/www.zucchelliforni.it\/es\/wp-json\/wp\/v2\/product\/10815\/revisions"}],"predecessor-version":[{"id":13670,"href":"https:\/\/www.zucchelliforni.it\/es\/wp-json\/wp\/v2\/product\/10815\/revisions\/13670"}],"wp:featuredmedia":[{"embeddable":true,"href":"https:\/\/www.zucchelliforni.it\/es\/wp-json\/wp\/v2\/media\/14424"}],"wp:attachment":[{"href":"https:\/\/www.zucchelliforni.it\/es\/wp-json\/wp\/v2\/media?parent=10815"}],"wp:term":[{"taxonomy":"product_brand","embeddable":true,"href":"https:\/\/www.zucchelliforni.it\/es\/wp-json\/wp\/v2\/product_brand?post=10815"},{"taxonomy":"product_cat","embeddable":true,"href":"https:\/\/www.zucchelliforni.it\/es\/wp-json\/wp\/v2\/product_cat?post=10815"},{"taxonomy":"product_tag","embeddable":true,"href":"https:\/\/www.zucchelliforni.it\/es\/wp-json\/wp\/v2\/product_tag?post=10815"},{"taxonomy":"product_brands","embeddable":true,"href":"https:\/\/www.zucchelliforni.it\/es\/wp-json\/wp\/v2\/product_brands?post=10815"}],"curies":[{"name":"wp","href":"https:\/\/api.w.org\/{rel}","templated":true}]}}